{"id":202,"date":"2015-10-18T07:52:11","date_gmt":"2015-10-18T07:52:11","guid":{"rendered":"http:\/\/demo.mh-themes.com\/magazine4\/?page_id=202"},"modified":"2016-02-22T12:41:28","modified_gmt":"2016-02-22T12:41:28","slug":"credits","status":"publish","type":"page","link":"https:\/\/demo.mhthemes.com\/magazine\/credits\/","title":{"rendered":"Image Credits"},"content":{"rendered":"<h3>Images used in this demo:<\/h3>\n<p>Images used in the theme screenshot are taken from Pixabay.com and are licensed for free use under Public Domain CC0. In general all images in the theme demo are taken from Pixabay.com or Flickr.com and are licensed for free use under Public Domain CC0 or Creative Commons. These images are NOT included with the purchase and download of this WordPress Theme.<\/p>\n<p><strong>For this demo we have used the following images:<\/strong><\/p>\n<ul>\n<li><a href=\"https:\/\/pixabay.com\/de\/machu-picchu-peru-welt-588634\/\" target=\"_blank\"><strong>Machu Picchu &#8211; World<\/strong><\/a><\/li>\n<li><a href=\"https:\/\/pixabay.com\/de\/kraftwerk-verschmutzung-energie-374097\/\" target=\"_blank\"><strong>Power Station &#8211; World<\/strong><\/a><\/li>\n<li><a href=\"https:\/\/pixabay.com\/de\/kampfjet-f-15-strike-eagle-63090\/\" target=\"_blank\"><strong>Fighter Jet &#8211; World<\/strong><\/a><\/li>\n<li><a href=\"https:\/\/pixabay.com\/de\/protest-vorf\u00fchrung-israel-519830\/\" target=\"_blank\"><strong>Protest &#8211; World<\/strong><\/a><\/li>\n<li><a href=\"https:\/\/pixabay.com\/de\/kreuzfahrt-innenschuh-tourismus-344345\/\" target=\"_blank\"><strong>Cruise &#8211; World<\/strong><\/a><\/li>\n<li><a href=\"https:\/\/pixabay.com\/de\/schiff-boot-castaway-mar-himmel-423714\/\" target=\"_blank\"><strong>Ship &#8211; World<\/strong><\/a><\/li>\n<li><a href=\"https:\/\/pixabay.com\/de\/der-singapore-river-skyline-geb\u00e4ude-255116\/\" target=\"_blank\"><strong>Singapore &#8211; World<\/strong><\/a><\/li>\n<li><a href=\"https:\/\/pixabay.com\/de\/leichte-garland-garland-lichter-346848\/\" target=\"_blank\"><strong>Light Garland &#8211; World<\/strong><\/a><\/li>\n<li><a href=\"https:\/\/pixabay.com\/de\/marienk\u00e4fer-k\u00e4fer-gl\u00fccksbringer-267845\/\" target=\"_blank\"><strong>Ladybug &#8211; World<\/strong><\/a><\/li>\n<li><a href=\"https:\/\/pixabay.com\/de\/skateboard-skate-park-497706\/\" target=\"_blank\"><strong>Skateboard &#8211; World<\/strong><\/a><\/li>\n<li><a href=\"https:\/\/pixabay.com\/de\/griechenland-landschaft-reisen-780401\/\" target=\"_blank\"><strong>Greece &#8211; Europe<\/strong><\/a><\/li>\n<li><a href=\"https:\/\/pixabay.com\/de\/geographie-karte-mittelmeer-meer-42292\/\" target=\"_blank\"><strong>Geography &#8211; Europe<\/strong><\/a><\/li>\n<li><a href=\"https:\/\/pixabay.com\/de\/fdr-gedenkst\u00e4tte-textur-wasserfall-860668\/\" target=\"_blank\"><strong>Stone Inscript &#8211; Europe<\/strong><\/a><\/li>\n<li><a href=\"https:\/\/pixabay.com\/de\/bonjour-willkommen-h\u00e4ndler-speicher-869208\/\" target=\"_blank\"><strong>Bonjour &#8211; Europe<\/strong><\/a><\/li>\n<li><a href=\"https:\/\/pixabay.com\/de\/gro\u00dfbritannien-british-zahl-zehn-20433\/\" target=\"_blank\"><strong>Britain &#8211; Europe<\/strong><\/a><\/li>\n<li><a href=\"https:\/\/pixabay.com\/de\/london-eye-blick-geb\u00e4ude-fluss-254269\/\" target=\"_blank\"><strong>London Eye &#8211; Europe<\/strong><\/a><\/li>\n<li><a href=\"https:\/\/pixabay.com\/de\/landkarte-deutschland-europa-945237\/\" target=\"_blank\"><strong>Map &#8211; Europe<\/strong><\/a><\/li>\n<li><a href=\"https:\/\/pixabay.com\/de\/zaun-haus-private-eigentum-940225\/\" target=\"_blank\"><strong>Fence &#8211; Europe<\/strong><\/a><\/li>\n<li><a href=\"https:\/\/pixabay.com\/de\/architektur-bahnfahrt-bahnhof-908854\/\" target=\"_blank\"><strong>Architecture &#8211; Europe<\/strong><\/a><\/li>\n<li><a href=\"https:\/\/pixabay.com\/de\/flaggen-land-staaten-nationen-wind-872183\/\" target=\"_blank\"><strong>Flags &#8211; Europe<\/strong><\/a><\/li>\n<li><a href=\"https:\/\/pixabay.com\/de\/armee-waffen-patrone-kugeln-60665\/\" target=\"_blank\"><strong>Army &#8211; Politics<\/strong><\/a><\/li>\n<li><a href=\"https:\/\/pixabay.com\/de\/protest-protestaktion-464616\/\" target=\"_blank\"><strong>Demo &#8211; Politics<\/strong><\/a><\/li>\n<li><a href=\"https:\/\/pixabay.com\/de\/usa-wei\u00dfes-haus-washington-dc-176274\/\" target=\"_blank\"><strong>United States &#8211; Politics<\/strong><\/a><\/li>\n<li><a href=\"https:\/\/pixabay.com\/de\/zeitung-stapel-zeitungen-lesen-568058\/\" target=\"_blank\"><strong>Newspaper &#8211; Politics<\/strong><\/a><\/li>\n<li><a href=\"https:\/\/pixabay.com\/de\/\u00fcberwachungskamera-sicherheit-kamera-241725\/\" target=\"_blank\"><strong>Surveillance Camera &#8211; Politics<\/strong><\/a><\/li>\n<li><a href=\"https:\/\/pixabay.com\/de\/milit\u00e4rische-flugzeugtr\u00e4ger-katapult-622846\/\" target=\"_blank\"><strong>Military &#8211; Politics<\/strong><\/a><\/li>\n<li><a href=\"https:\/\/pixabay.com\/de\/berlin-reichstag-dem-deutschen-volke-971799\/\" target=\"_blank\"><strong>Berlin &#8211; Politics<\/strong><\/a><\/li>\n<li><a href=\"https:\/\/pixabay.com\/de\/flagge-monaco-nationalen-land-828782\/\" target=\"_blank\"><strong>Flag &#8211; Politics<\/strong><\/a><\/li>\n<li><a href=\"https:\/\/pixabay.com\/de\/bismarck-gedenktafel-tafel-kopf-788429\/\" target=\"_blank\"><strong>Bismarck &#8211; Politics<\/strong><\/a><\/li>\n<li><a href=\"https:\/\/pixabay.com\/de\/bundeskanzleramt-konferenzraum-639100\/\" target=\"_blank\"><strong>Federal Chancellery &#8211; Politics<\/strong><\/a><\/li>\n<li><a href=\"https:\/\/pixabay.com\/de\/burger-fast-food-hamburger-731298\/\" target=\"_blank\"><strong>Burger &#8211; Economy<\/strong><\/a><\/li>\n<li><a href=\"https:\/\/pixabay.com\/de\/schl\u00fcssel-tastatur-wachstum-taste-951785\/\" target=\"_blank\"><strong>Key &#8211; Economy<\/strong><\/a><\/li>\n<li><a href=\"https:\/\/pixabay.com\/de\/laptop-kopfh\u00f6rer-kamera-technologie-820285\/\" target=\"_blank\"><strong>Laptop &#8211; Economy<\/strong><\/a><\/li>\n<li><a href=\"https:\/\/pixabay.com\/de\/b\u00fcro-freiberufler-computer-gesch\u00e4ft-625892\/\" target=\"_blank\"><strong>Office Laptop &#8211; Economy<\/strong><\/a><\/li>\n<li><a href=\"https:\/\/pixabay.com\/de\/wandplatine-leere-flugzeug-brett-692702\/\" target=\"_blank\"><strong>Plane Board &#8211; Economy<\/strong><\/a><\/li>\n<li><a href=\"https:\/\/pixabay.com\/de\/fluss-uk-london-thames-stadt-541456\/\" target=\"_blank\"><strong>River London &#8211; Economy<\/strong><\/a><\/li>\n<li><a href=\"https:\/\/pixabay.com\/de\/einkaufen-ausgaben-bis-schlupf-kauf-879498\/\" target=\"_blank\"><strong>Shopping &#8211; Economy<\/strong><\/a><\/li>\n<li><a href=\"https:\/\/pixabay.com\/de\/erfolg-plan-b-strategie-wirtschaft-882592\/\" target=\"_blank\"><strong>Success Plan B &#8211; Economy<\/strong><\/a><\/li>\n<li><a href=\"https:\/\/pixabay.com\/de\/wall-street-stra\u00dfe-anmelden-264381\/\" target=\"_blank\"><strong>Wall Street &#8211; Economy<\/strong><\/a><\/li>\n<li><a href=\"https:\/\/pixabay.com\/de\/brieftasche-kreditkarten-bargeld-908569\/\" target=\"_blank\"><strong>Wallet Money &#8211; Economy<\/strong><\/a><\/li>\n<li><a href=\"https:\/\/pixabay.com\/de\/geldscheine-euro-banknoten-209104\/\" target=\"_blank\"><strong>Bank Note &#8211; Money<\/strong><\/a><\/li>\n<li><a href=\"https:\/\/pixabay.com\/de\/m\u00fcnzen-w\u00e4hrung-investitionen-948603\/\" target=\"_blank\"><strong>Coins &#8211; Money<\/strong><\/a><\/li>\n<li><a href=\"https:\/\/pixabay.com\/de\/kreditkarte-master-card-visa-karte-851506\/\" target=\"_blank\"><strong>Credit Card &#8211; Money<\/strong><\/a><\/li>\n<li><a href=\"https:\/\/pixabay.com\/de\/w\u00e4hrung-euro-geld-gesch\u00e4ft-163476\/\" target=\"_blank\"><strong>Currency &#8211; Money<\/strong><\/a><\/li>\n<li><a href=\"https:\/\/pixabay.com\/de\/dollar-w\u00e4hrung-geld-us-dollar-726884\/\" target=\"_blank\"><strong>Dollar &#8211; Money<\/strong><\/a><\/li>\n<li><a href=\"https:\/\/pixabay.com\/de\/gitarrenkasten-gitarrenkoffer-485112\/\" target=\"_blank\"><strong>Guitar Case &#8211; Money<\/strong><\/a><\/li>\n<li><a href=\"https:\/\/pixabay.com\/de\/geld-m\u00fcnzen-euro-w\u00e4hrung-hartgeld-628580\/\" target=\"_blank\"><strong>Money Euro &#8211; Money<\/strong><\/a><\/li>\n<li><a href=\"https:\/\/pixabay.com\/de\/geld-karte-gesch\u00e4ft-tasche-visum-256281\/\" target=\"_blank\"><strong>Money Jeans &#8211; Money<\/strong><\/a><\/li>\n<li><a href=\"https:\/\/pixabay.com\/de\/brieftasche-geld-banknoten-euro-867568\/\" target=\"_blank\"><strong>Wallet &#8211; Money<\/strong><\/a><\/li>\n<li><a href=\"https:\/\/pixabay.com\/de\/kuppe-uhr-telefon-laptop-kopfh\u00f6rer-893250\/\" target=\"_blank\"><strong>Watch Key &#8211; Money<\/strong><\/a><\/li>\n<li><a href=\"https:\/\/pixabay.com\/de\/banner-gro\u00dfbritannien-british-71125\/\" target=\"_blank\"><strong>Banner Flags &#8211; Business<\/strong><\/a><\/li>\n<li><a href=\"https:\/\/pixabay.com\/de\/buchhaltung-steuern-siedlung-615384\/\" target=\"_blank\"><strong>Bookkeeping &#8211; Business<\/strong><\/a><\/li>\n<li><a href=\"https:\/\/pixabay.com\/de\/zensur-einschr\u00e4nkungen-610101\/\" target=\"_blank\"><strong>Censorship &#8211; Business<\/strong><\/a><\/li>\n<li><a href=\"https:\/\/pixabay.com\/de\/museum-ausstellung-schwarz-und-wei\u00df-237048\/\" target=\"_blank\"><strong>Museum &#8211; Business<\/strong><\/a><\/li>\n<li><a href=\"https:\/\/pixabay.com\/de\/russland-b\u00fcro-m\u00e4nner-frauen-95311\/\" target=\"_blank\"><strong>Office Boxes &#8211; Business<\/strong><\/a><\/li>\n<li><a href=\"https:\/\/pixabay.com\/de\/b\u00fcro-start-gesch\u00e4ft-home-office-594132\/\" target=\"_blank\"><strong>Office Writing &#8211; Business<\/strong><\/a><\/li>\n<li><a href=\"https:\/\/pixabay.com\/de\/b\u00fcro-treffen-gesch\u00e4ftspartner-336368\/\" target=\"_blank\"><strong>Office &#8211; Business<\/strong><\/a><\/li>\n<li><a href=\"https:\/\/pixabay.com\/de\/start-start-up-notizb\u00fccher-kreative-593305\/\" target=\"_blank\"><strong>Startup &#8211; Business<\/strong><\/a><\/li>\n<li><a href=\"https:\/\/pixabay.com\/de\/lager-iphone-gesch\u00e4ft-mobil-624712\/\" target=\"_blank\"><strong>Stock Data &#8211; Business<\/strong><\/a><\/li>\n<li><a href=\"https:\/\/pixabay.com\/de\/yacht-schiff-meer-740610\/\" target=\"_blank\"><strong>Yacht &#8211; Business<\/strong><\/a><\/li>\n<li><a href=\"https:\/\/pixabay.com\/de\/hong-kong-stadt-nacht-st%C3%A4dtischen-553040\/\" target=\"_blank\"><strong>Hong Kong &#8211; Background<\/strong><\/a><\/li>\n<\/ul>\n","protected":false},"excerpt":{"rendered":"<div class=\"mh-excerpt\"><p>Images used in this demo: Images used in the theme screenshot are taken from Pixabay.com and are licensed for free use under Public Domain CC0. In general all images in the theme demo are taken <a class=\"mh-excerpt-more\" href=\"https:\/\/demo.mhthemes.com\/magazine\/credits\/\" title=\"Image Credits\">[&#8230;]<\/a><\/p>\n<\/div>","protected":false},"author":1,"featured_media":0,"parent":0,"menu_order":0,"comment_status":"closed","ping_status":"closed","template":"","meta":{"footnotes":""},"class_list":["post-202","page","type-page","status-publish"],"_links":{"self":[{"href":"https:\/\/demo.mhthemes.com\/magazine\/wp-json\/wp\/v2\/pages\/202","targetHints":{"allow":["GET"]}}],"collection":[{"href":"https:\/\/demo.mhthemes.com\/magazine\/wp-json\/wp\/v2\/pages"}],"about":[{"href":"https:\/\/demo.mhthemes.com\/magazine\/wp-json\/wp\/v2\/types\/page"}],"author":[{"embeddable":true,"href":"https:\/\/demo.mhthemes.com\/magazine\/wp-json\/wp\/v2\/users\/1"}],"replies":[{"embeddable":true,"href":"https:\/\/demo.mhthemes.com\/magazine\/wp-json\/wp\/v2\/comments?post=202"}],"version-history":[{"count":11,"href":"https:\/\/demo.mhthemes.com\/magazine\/wp-json\/wp\/v2\/pages\/202\/revisions"}],"predecessor-version":[{"id":419,"href":"https:\/\/demo.mhthemes.com\/magazine\/wp-json\/wp\/v2\/pages\/202\/revisions\/419"}],"wp:attachment":[{"href":"https:\/\/demo.mhthemes.com\/magazine\/wp-json\/wp\/v2\/media?parent=202"}],"curies":[{"name":"wp","href":"https:\/\/api.w.org\/{rel}","templated":true}]}}