{"id":202,"date":"2015-10-18T12:28:54","date_gmt":"2015-10-18T12:28:54","guid":{"rendered":"http:\/\/demo.mh-themes.com\/magazine5\/?page_id=202"},"modified":"2015-10-19T16:56:44","modified_gmt":"2015-10-19T16:56:44","slug":"credits","status":"publish","type":"page","link":"https:\/\/demo.mhthemes.com\/magazine2\/credits\/","title":{"rendered":"Image Credits"},"content":{"rendered":"<h3>Images used in this demo:<\/h3>\n<p>Images used in the theme screenshot are taken from Pixabay.com and are licensed for free use under Public Domain CC0. In general all images in the theme demo are taken from Pixabay.com or Flickr.com and are licensed for free use under Public Domain CC0 or Creative Commons. These images are NOT included with the purchase and download of this WordPress Theme.<\/p>\n<p><strong>For this demo we have used the following images:<\/strong><\/p>\n<ul>\n<li><a href=\"https:\/\/pixabay.com\/de\/beeren-getr\u00e4nke-cocktail-farbe-2558\/\" target=\"_blank\"><strong>Berries &#8211; Lifestyle<\/strong><\/a><\/li>\n<li><a href=\"https:\/\/pixabay.com\/de\/auto-sport-automobil-fahrzeug-690277\/\" target=\"_blank\"><strong>Car &#8211; Lifestyle<\/strong><\/a><\/li>\n<li><a href=\"https:\/\/pixabay.com\/de\/cocktail-martini-trankopfer-548032\/\" target=\"_blank\"><strong>Cocktail &#8211; Lifestyle<\/strong><\/a><\/li>\n<li><a href=\"https:\/\/pixabay.com\/de\/golf-golfspielerin-abschlag-83869\/\" target=\"_blank\"><strong>Golf &#8211; Lifestyle<\/strong><\/a><\/li>\n<li><a href=\"https:\/\/pixabay.com\/de\/wohnzimmer-wohnung-haus-startseite-416035\/\" target=\"_blank\"><strong>Living Room &#8211; Lifestyle<\/strong><\/a><\/li>\n<li><a href=\"https:\/\/pixabay.com\/de\/taschenuhr-klassiker-antik-buch-598039\/\" target=\"_blank\"><strong>Pocket Watch &#8211; Lifestyle<\/strong><\/a><\/li>\n<li><a href=\"https:\/\/pixabay.com\/de\/skydive-fallschirm-79548\/\" target=\"_blank\"><strong>Skydive &#8211; Lifestyle<\/strong><\/a><\/li>\n<li><a href=\"https:\/\/pixabay.com\/de\/summerfield-frau-m\u00e4dchen-336672\/\" target=\"_blank\"><strong>Summerfield &#8211; Lifestyle<\/strong><\/a><\/li>\n<li><a href=\"https:\/\/pixabay.com\/de\/sushi-essen-japanisch-asiatisch-491425\/\" target=\"_blank\"><strong>Sushi &#8211; Lifestyle<\/strong><\/a><\/li>\n<li><a href=\"https:\/\/pixabay.com\/de\/wellness-massage-relax-entspannend-589774\/\" target=\"_blank\"><strong>Wellness &#8211; Lifestyle<\/strong><\/a><\/li>\n<li><a href=\"https:\/\/pixabay.com\/de\/chinesische-laterne-feier-chinesisch-932217\/\" target=\"_blank\"><strong>Chinese Lantern &#8211; Culture<\/strong><\/a><\/li>\n<li><a href=\"https:\/\/pixabay.com\/de\/farben-boden-festival-indian-hindu-958810\/\" target=\"_blank\"><strong>Colors &#8211; Culture<\/strong><\/a><\/li>\n<li><a href=\"https:\/\/pixabay.com\/de\/kolosseum-rom-geb\u00e4ude-architektur-971463\/\" target=\"_blank\"><strong>Colosseum &#8211; Culture<\/strong><\/a><\/li>\n<li><a href=\"https:\/\/pixabay.com\/de\/kultur-mikrofon-ton-hut-licht-721187\/\" target=\"_blank\"><strong>Culture Hat &#8211; Culture<\/strong><\/a><\/li>\n<li><a href=\"https:\/\/pixabay.com\/de\/gans-g\u00e4nse-m\u00e4dchen-hund-sch\u00e4fer-908291\/\" target=\"_blank\"><strong>Goose &#8211; Culture<\/strong><\/a><\/li>\n<li><a href=\"https:\/\/pixabay.com\/de\/merida-hispania-rom-theater-kunst-694874\/\" target=\"_blank\"><strong>Merida &#8211; Culture<\/strong><\/a><\/li>\n<li><a href=\"https:\/\/pixabay.com\/de\/felsen-turm-spitze-tuffstein-64958\/\" target=\"_blank\"><strong>Rocks &#8211; Culture<\/strong><\/a><\/li>\n<li><a href=\"https:\/\/pixabay.com\/de\/skateboarder-african-american-sport-898336\/\" target=\"_blank\"><strong>Skateboarder &#8211; Culture<\/strong><\/a><\/li>\n<li><a href=\"https:\/\/pixabay.com\/de\/statuen-budhism-tempel-asien-919023\/\" target=\"_blank\"><strong>Statues &#8211; Culture<\/strong><\/a><\/li>\n<li><a href=\"https:\/\/pixabay.com\/de\/wroclaw-fluss-br\u00fccke-polen-933152\/\" target=\"_blank\"><strong>Wroclaw &#8211; Culture<\/strong><\/a><\/li>\n<li><a href=\"https:\/\/pixabay.com\/de\/strand-sch\u00f6ne-blau-k\u00fcste-84631\/\" target=\"_blank\"><strong>Beach &#8211; Travel<\/strong><\/a><\/li>\n<li><a href=\"https:\/\/pixabay.com\/de\/boot-meer-strand-wasser-segel-970413\/\" target=\"_blank\"><strong>Boat &#8211; Travel<\/strong><\/a><\/li>\n<li><a href=\"https:\/\/pixabay.com\/de\/changxing-wei\u00df-wei\u00dfes-holz-972396\/\" target=\"_blank\"><strong>Changxing &#8211; Travel<\/strong><\/a><\/li>\n<li><a href=\"https:\/\/pixabay.com\/de\/chinesische-schriftzeichen-verm\u00f6gen-399493\/\" target=\"_blank\"><strong>Chinese Characters &#8211; Travel<\/strong><\/a><\/li>\n<li><a href=\"https:\/\/pixabay.com\/de\/dubai-turm-burj-h\u00f6he-hotel-sehen-255235\/\" target=\"_blank\"><strong>Dubai &#8211; Travel<\/strong><\/a><\/li>\n<li><a href=\"https:\/\/pixabay.com\/de\/nepal-wandern-nepal-trekking-trek-970254\/\" target=\"_blank\"><strong>Nepal &#8211; Travel<\/strong><\/a><\/li>\n<li><a href=\"https:\/\/pixabay.com\/de\/person-m\u00e4dchen-jung-frau-weiblich-692406\/\" target=\"_blank\"><strong>Person Sea &#8211; Travel<\/strong><\/a><\/li>\n<li><a href=\"https:\/\/pixabay.com\/de\/lila-meer-ozean-sonne-natur-blau-972434\/\" target=\"_blank\"><strong>Purple Sunset &#8211; Travel<\/strong><\/a><\/li>\n<li><a href=\"https:\/\/pixabay.com\/de\/schottland-gro\u00dfbritannien-england-540119\/\" target=\"_blank\"><strong>Scotland &#8211; Travel<\/strong><\/a><\/li>\n<li><a href=\"https:\/\/pixabay.com\/de\/taxi-taxi-verkehr-fahrerhaus-381233\/\" target=\"_blank\"><strong>Taxi Cab &#8211; Travel<\/strong><\/a><\/li>\n<li><a href=\"https:\/\/pixabay.com\/de\/aquarium-fisch-atlanta-georgien-736978\/\" target=\"_blank\"><strong>Aquarium &#8211; Entertainment<\/strong><\/a><\/li>\n<li><a href=\"https:\/\/pixabay.com\/de\/chicago-theater-chicago-nacht-333599\/\" target=\"_blank\"><strong>Chicago &#8211; Entertainment<\/strong><\/a><\/li>\n<li><a href=\"https:\/\/pixabay.com\/de\/farbe-deepavali-festival-diwali-205795\/\" target=\"_blank\"><strong>Color &#8211; Entertainment<\/strong><\/a><\/li>\n<li><a href=\"https:\/\/pixabay.com\/de\/comic-b\u00fccher-marvel-comics-sammlung-382534\/\" target=\"_blank\"><strong>Comic Book &#8211; Entertainment<\/strong><\/a><\/li>\n<li><a href=\"https:\/\/pixabay.com\/de\/ipad-mac-apple-mobil-tablette-606766\/\" target=\"_blank\"><strong>iPad &#8211; Entertainment<\/strong><\/a><\/li>\n<li><a href=\"https:\/\/pixabay.com\/de\/monstertruck-marmelade-rallye-653150\/\" target=\"_blank\"><strong>Monster Truck &#8211; Entertainment<\/strong><\/a><\/li>\n<li><a href=\"https:\/\/pixabay.com\/de\/ferkel-3-dimensionale-gl\u00e4ser-rosa-139675\/\" target=\"_blank\"><strong>Piglet &#8211; Entertainment<\/strong><\/a><\/li>\n<li><a href=\"https:\/\/pixabay.com\/de\/flipper-videogame-arcade-spiele-179631\/\" target=\"_blank\"><strong>Pinball &#8211; Entertainment<\/strong><\/a><\/li>\n<li><a href=\"https:\/\/pixabay.com\/de\/smartphone-film-407108\/\" target=\"_blank\"><strong>Smartphone &#8211; Entertainment<\/strong><\/a><\/li>\n<li><a href=\"https:\/\/pixabay.com\/de\/video-controller-videospiel-336657\/\" target=\"_blank\"><strong>Video Controller &#8211; Entertainment<\/strong><\/a><\/li>\n<li><a href=\"https:\/\/pixabay.com\/de\/k\u00fcnstlerbedarf-kunst-955968\/\" target=\"_blank\"><strong>Art Supplies &#8211; Arts<\/strong><\/a><\/li>\n<li><a href=\"https:\/\/pixabay.com\/de\/boot-glas-chihuly-dallas-kunst-966263\/\" target=\"_blank\"><strong>Boat Glass &#8211; Arts<\/strong><\/a><\/li>\n<li><a href=\"https:\/\/pixabay.com\/de\/kanada-quebec-alte-b\u00fccher-altstadt-965838\/\" target=\"_blank\"><strong>Canada &#8211; Arts<\/strong><\/a><\/li>\n<li><a href=\"https:\/\/pixabay.com\/de\/st\u00fchle-sitzen-holz-natur-kunst-971910\/\" target=\"_blank\"><strong>Chairs &#8211; Arts<\/strong><\/a><\/li>\n<li><a href=\"https:\/\/pixabay.com\/de\/fraktale-hintergrundbild-digi-art-928681\/\" target=\"_blank\"><strong>Fractals &#8211; Arts<\/strong><\/a><\/li>\n<li><a href=\"https:\/\/pixabay.com\/de\/museum-licht-lichter-beleuchtung-972079\/\" target=\"_blank\"><strong>Museum Light &#8211; Arts<\/strong><\/a><\/li>\n<li><a href=\"https:\/\/pixabay.com\/de\/malereien-farben-k\u00fcnstlerische-934265\/\" target=\"_blank\"><strong>Paintings &#8211; Arts<\/strong><\/a><\/li>\n<li><a href=\"https:\/\/pixabay.com\/de\/schiffswrack-skulptur-kunst-wrack-966959\/\" target=\"_blank\"><strong>Shipwreck &#8211; Arts<\/strong><\/a><\/li>\n<li><a href=\"https:\/\/pixabay.com\/de\/tor\u00fan-bella-skyway-das-festival-916648\/\" target=\"_blank\"><strong>Torun &#8211; Arts<\/strong><\/a><\/li>\n<li><a href=\"https:\/\/pixabay.com\/de\/wygielzow-niederschlesien-polen-971987\/\" target=\"_blank\"><strong>Windows &#8211; Arts<\/strong><\/a><\/li>\n<li><a href=\"https:\/\/pixabay.com\/de\/allein-see-ufer-denken-stehen-480474\/\" target=\"_blank\"><strong>Alone &#8211; Opinion<\/strong><\/a><\/li>\n<li><a href=\"https:\/\/pixabay.com\/de\/ufer-sitzbank-menschen-sitzen-bank-511901\/\" target=\"_blank\"><strong>Bank &#8211; Opinion<\/strong><\/a><\/li>\n<li><a href=\"https:\/\/pixabay.com\/de\/kreativit\u00e4t-idee-inspiration-819371\/\" target=\"_blank\"><strong>Creativity &#8211; Opinion<\/strong><\/a><\/li>\n<li><a href=\"https:\/\/pixabay.com\/de\/weiblich-tagebuch-schreiben-sch\u00f6ne-865110\/\" target=\"_blank\"><strong>Female Writing &#8211; Opinion<\/strong><\/a><\/li>\n<li><a href=\"https:\/\/pixabay.com\/de\/brille-business-brillen-949117\/\" target=\"_blank\"><strong>Glasses &#8211; Opinion<\/strong><\/a><\/li>\n<li><a href=\"https:\/\/pixabay.com\/de\/kopf-scuplture-denken-skulptur-932772\/\" target=\"_blank\"><strong>Head &#8211; Opinion<\/strong><\/a><\/li>\n<li><a href=\"https:\/\/pixabay.com\/de\/zitat-kreide-tafel-w\u00f6rter-denken-791953\/\" target=\"_blank\"><strong>Quote Board &#8211; Opinion<\/strong><\/a><\/li>\n<li><a href=\"https:\/\/pixabay.com\/de\/muschel-einsam-meer-strand-976041\/\" target=\"_blank\"><strong>Shell &#8211; Opinion<\/strong><\/a><\/li>\n<li><a href=\"https:\/\/pixabay.com\/de\/student-biologie-aufzeichnungen-732012\/\" target=\"_blank\"><strong>Student &#8211; Opinion<\/strong><\/a><\/li>\n<li><a href=\"https:\/\/pixabay.com\/de\/holzart-holz-block-holz-art-typ-846089\/\" target=\"_blank\"><strong>Woodtype &#8211; Opinion<\/strong><\/a><\/li>\n<li><a href=\"https:\/\/pixabay.com\/en\/bokeh-background-red-light-blur-581823\/\" target=\"_blank\"><strong>Red Blurred Lights &#8211; Background<\/strong><\/a><\/li>\n<\/ul>\n","protected":false},"excerpt":{"rendered":"<div class=\"mh-excerpt\"><p>Images used in this demo: Images used in the theme screenshot are taken from Pixabay.com and are licensed for free use under Public Domain CC0. In general all images in the theme demo are taken <a class=\"mh-excerpt-more\" href=\"https:\/\/demo.mhthemes.com\/magazine2\/credits\/\" title=\"Image Credits\">[&#8230;]<\/a><\/p>\n<\/div>","protected":false},"author":4,"featured_media":0,"parent":0,"menu_order":0,"comment_status":"closed","ping_status":"closed","template":"","meta":{"footnotes":""},"class_list":["post-202","page","type-page","status-publish"],"_links":{"self":[{"href":"https:\/\/demo.mhthemes.com\/magazine2\/wp-json\/wp\/v2\/pages\/202","targetHints":{"allow":["GET"]}}],"collection":[{"href":"https:\/\/demo.mhthemes.com\/magazine2\/wp-json\/wp\/v2\/pages"}],"about":[{"href":"https:\/\/demo.mhthemes.com\/magazine2\/wp-json\/wp\/v2\/types\/page"}],"author":[{"embeddable":true,"href":"https:\/\/demo.mhthemes.com\/magazine2\/wp-json\/wp\/v2\/users\/4"}],"replies":[{"embeddable":true,"href":"https:\/\/demo.mhthemes.com\/magazine2\/wp-json\/wp\/v2\/comments?post=202"}],"version-history":[{"count":7,"href":"https:\/\/demo.mhthemes.com\/magazine2\/wp-json\/wp\/v2\/pages\/202\/revisions"}],"predecessor-version":[{"id":366,"href":"https:\/\/demo.mhthemes.com\/magazine2\/wp-json\/wp\/v2\/pages\/202\/revisions\/366"}],"wp:attachment":[{"href":"https:\/\/demo.mhthemes.com\/magazine2\/wp-json\/wp\/v2\/media?parent=202"}],"curies":[{"name":"wp","href":"https:\/\/api.w.org\/{rel}","templated":true}]}}